{"id":42,"date":"2026-01-05T18:46:55","date_gmt":"2026-01-05T18:46:55","guid":{"rendered":"https:\/\/quincieux2026.fr\/?page_id=42"},"modified":"2026-01-07T15:34:07","modified_gmt":"2026-01-07T15:34:07","slug":"soutenir","status":"publish","type":"page","link":"https:\/\/quincieux2026.fr\/index.php\/soutenir\/","title":{"rendered":"Nous soutenir"},"content":{"rendered":"\n<p><br><em>Je soutiens \u00ab <strong>QUINCIEUX, ensemble naturellement<\/strong> \u00bb, avec Cyrille FIARD<\/em><\/p>\n\n\n\n<p><em>Nom :_ ___________________________________________ <\/em><br><br><em>Pr\u00e9nom : _ ________________________________________<\/em><\/p>\n\n\n\n<p><em>Adresse : _________________________________________<\/em><\/p>\n\n\n\n<p><em>T\u00e9l\u00e9phone : _______________________________________<\/em><br><br><em>Email : _ __________________________________________<\/em><br><br><br><\/p>\n\n\n\n<p><\/p>\n\n\n\n<p><em>J\u2019accepte que mon nom figure sur la liste de sympathisants qui sera port\u00e9e \u00e0 la connaissance des habitants de Quincieux lors de<\/em> <em>nos prochaines communications : <\/em><br><br>&#8211; <em>OUI <\/em><br><br>&#8211; <em>NON<\/em><br><br><\/p>\n\n\n\n<p><em>Je verse un don de ____________________________________\u20ac<\/em><\/p>\n\n\n\n<p>&#8211; <em>par ch\u00e8que \u00e0 l\u2019ordre de M. GONNET, Mandataire Financier de Cyrille FIARD.<\/em><br><br>&#8211; <em>par virement \u00e0 FR76 1027 8072 6600 0216 1720 181<\/em><\/p>\n\n\n\n<p><br><br><br><em>Date : ______ \/______ \/_ _____ \u00ab Lu et approuv\u00e9 \u00bb et Signature :<\/em><br><br><\/p>\n\n\n\n<p><\/p>\n\n\n\n<p><strong>Imprimer et <em>retourner \u00e0<\/em><\/strong><em> : <\/em><\/p>\n\n\n\n<p><em>QUINCIEUX, ensemble naturellement <\/em><br><em>avec Cyrille FIARD<\/em><br><em>100, chemin des Grenettes 69650 QUINCIEUX<\/em><br><br>Ou <strong>par email<\/strong> \u00e0 :  <a href=\"mailto:contact@quincieux2026.fr\">contact@quincieux2026.fr<\/a><\/p>\n","protected":false},"excerpt":{"rendered":"<p>Je soutiens \u00ab QUINCIEUX, ensemble naturellement \u00bb, avec Cyrille FIARD Nom :_ ___________________________________________ Pr\u00e9nom : _ ________________________________________ Adresse : _________________________________________ T\u00e9l\u00e9phone : _______________________________________ Email : _ __________________________________________ J\u2019accepte que mon nom figure sur la liste de sympathisants qui sera port\u00e9e \u00e0 la connaissance des habitants de Quincieux lors de nos prochaines communications : &#8211; OUI &hellip; <\/p>\n<p class=\"link-more\"><a href=\"https:\/\/quincieux2026.fr\/index.php\/soutenir\/\" class=\"more-link\">Continuer la lecture<span class=\"screen-reader-text\"> de &laquo;&nbsp;Nous soutenir&nbsp;&raquo;<\/span><\/a><\/p>\n","protected":false},"author":1,"featured_media":0,"parent":0,"menu_order":0,"comment_status":"closed","ping_status":"closed","template":"","meta":{"footnotes":""},"class_list":["post-42","page","type-page","status-publish","hentry"],"_links":{"self":[{"href":"https:\/\/quincieux2026.fr\/index.php\/wp-json\/wp\/v2\/pages\/42","targetHints":{"allow":["GET"]}}],"collection":[{"href":"https:\/\/quincieux2026.fr\/index.php\/wp-json\/wp\/v2\/pages"}],"about":[{"href":"https:\/\/quincieux2026.fr\/index.php\/wp-json\/wp\/v2\/types\/page"}],"author":[{"embeddable":true,"href":"https:\/\/quincieux2026.fr\/index.php\/wp-json\/wp\/v2\/users\/1"}],"replies":[{"embeddable":true,"href":"https:\/\/quincieux2026.fr\/index.php\/wp-json\/wp\/v2\/comments?post=42"}],"version-history":[{"count":10,"href":"https:\/\/quincieux2026.fr\/index.php\/wp-json\/wp\/v2\/pages\/42\/revisions"}],"predecessor-version":[{"id":130,"href":"https:\/\/quincieux2026.fr\/index.php\/wp-json\/wp\/v2\/pages\/42\/revisions\/130"}],"wp:attachment":[{"href":"https:\/\/quincieux2026.fr\/index.php\/wp-json\/wp\/v2\/media?parent=42"}],"curies":[{"name":"wp","href":"https:\/\/api.w.org\/{rel}","templated":true}]}}