{"id":309,"date":"2026-02-23T11:26:03","date_gmt":"2026-02-23T11:26:03","guid":{"rendered":"https:\/\/quincieux2026.fr\/?page_id=309"},"modified":"2026-02-23T14:56:27","modified_gmt":"2026-02-23T14:56:27","slug":"lequipe","status":"publish","type":"page","link":"https:\/\/quincieux2026.fr\/index.php\/lequipe\/","title":{"rendered":"L&rsquo;\u00e9quipe"},"content":{"rendered":"\n<figure class=\"wp-block-table\"><table class=\"has-fixed-layout\"><tbody><tr><td> <img decoding=\"async\" style=\"width: 250px;\" src=\"http:\/\/quincieux2026.fr\/wp-content\/uploads\/2026\/02\/AMAOUZ-768x1024.jpeg\" alt=\"\"><\/td><td><strong>AMAOUZ Christelle<br>56 ans, 3 enfants\u00a0<br>\u00c0 Quincieux depuis 37 ans<br>Assistante maternelle, g\u00e9rante d\u2019un parc\/pension canine. M\u00e9diation animale pour seniors. Ancienne conseill\u00e8re municipale.<\/strong><br><br>Je suis tr\u00e8s investie dans la vie associative de Quincieux (les enfants, les animaux, voisins vigilants) et je souhaite continuer \u00e0 faire vivre notre village.\u00a0<em>Je m\u2019engage aux c\u00f4t\u00e9s de Cyrille Fiard, \u00e0 qui j\u2019accorde toute ma confiance, pour porter des projets b\u00e9n\u00e9fiques.<\/em><br><br><\/td><\/tr><tr><td><img decoding=\"async\" src=\"http:\/\/quincieux2026.fr\/wp-content\/uploads\/2026\/02\/ARIOLI-745x1024.jpeg\" alt=\"\" style=\"width: 250px;\"><\/td><td><strong>ARIOLI Flavie<br>40 ans, 2 enfants<br>\u00c0 Quincieux depuis 7 ans<br>Cheffe d\u2019entreprise en r\u00e9novation \u00e9nerg\u00e9tique.<\/strong><br><br>Je suis active dans la vie locale (ADACQ, Sou des \u00e9coles, parents d\u2019\u00e9l\u00e8ves) et je veux agir concr\u00e8tement. <em>L\u2019optimisation des \u00e9conomies d\u2019\u00e9nergie des b\u00e2timents communaux et le bien-\u00eatre des enfants sont au c\u0153ur de mon engagement.<\/em><br><br><br><\/td><\/tr><tr><td><img decoding=\"async\" style=\"caret-color: rgb(0, 0, 0); color: rgb(0, 0, 0); white-space: normal; width: 250px;\" src=\"http:\/\/quincieux2026.fr\/wp-content\/uploads\/2026\/02\/AUCOURT-739x1024.jpeg\" alt=\"\"><\/td><td><strong>AUCOURT Malorie &nbsp;<br>51 ans, 2 enfants&nbsp;<br>\u00c0 Billy-le-Vieux depuis 22 ans<br>Attach\u00e9e d\u2019administration hospitali\u00e8re \u00e0 Tr\u00e9voux<\/strong><br><br>Pr\u00e9sidente de la classe en 5. Tr\u00e8s attach\u00e9e \u00e0 Quincieux et \u00e0 ses habitants, je souhaite m\u2019engager pour participer \u00e0 la vie communale. <em>Je veux soutenir les projets locaux (services aux seniors et interg\u00e9n\u00e9rationnels).<\/em><br><br><\/td><\/tr><tr><td><img decoding=\"async\" src=\"http:\/\/quincieux2026.fr\/wp-content\/uploads\/2026\/02\/AUDEMARD-707x1024.jpeg\" alt=\"\" style=\"width: 250px;\"><\/td><td><strong>AUDEMARD Patrick &nbsp;<\/strong><br><strong>70 ans, 2 enfants&nbsp;<\/strong><br><strong>\u00c0 Quincieux (Port Masson) depuis 18 ans<br>Retrait\u00e9, conseiller municipal, r\u00e9f\u00e9rent D\u00e9fense et Syndicat Gendarmerie.&nbsp;<\/strong><br><br>Participation Projet Atlas de la Biodiversit\u00e9 (inter)Communale du syndicat mixte plaines monts d\u2019or. Soucieux de la valeur d\u00e9mocratique, je veux continuer \u00e0 participer \u00e0 l\u2019\u00e9volution de Quincieux int\u00e9gr\u00e9 \u00e0 la M\u00e9tropole de Lyon. <em>Je souhaite travailler avec une \u00e9quipe d\u00e9termin\u00e9e \u00e0 d\u00e9fendre les projets en cours et ceux \u00e0 venir.<\/em><br><br><br><\/td><\/tr><tr><td><img decoding=\"async\" src=\"http:\/\/quincieux2026.fr\/wp-content\/uploads\/2026\/02\/BALAYE-657x1024.jpeg\" alt=\"\" style=\"width: 250px;\"><\/td><td><strong>BALAYE Jean-Marie<\/strong><br><strong>68 ans, 2 enfants&nbsp;<\/strong><br><strong>\u00c0 Billy depuis 40 ans<\/strong><br><strong>Cadre industrie chimique (retrait\u00e9)<\/strong><br><br>Je participe \u00e0 la vie locale (commission voirie, classe en 8, V\u00e9lo club) et je veux \u00eatre utile \u00e0 ma commune. <em>J\u2019ai du temps et des comp\u00e9tences \u00e0 mettre au service des habitants.<\/em><br><br><br><\/td><\/tr><tr><td><img decoding=\"async\" style=\"width: 250px;\" src=\"http:\/\/quincieux2026.fr\/wp-content\/uploads\/2026\/02\/BOUTTIN-767x1024.jpeg\" alt=\"\"><\/td><td><strong>BOUTTIN Alain<br>71 ans, 1 enfant<br>\u00c0 Quincieux depuis 21 ans<br>Dirigeant d\u2019une entreprise de nettoyage<\/strong><br><br>Il me semble naturel de mettre aujourd\u2019hui mes comp\u00e9tences de gestion et de management au service des habitants. <em>Je veux pr\u00e9server ce qui fait la richesse de notre village tout en accompagnant son \u00e9volution.<\/em><br><br><br><\/td><\/tr><tr><td><img decoding=\"async\" style=\"width: 250px;\" src=\"http:\/\/quincieux2026.fr\/wp-content\/uploads\/2026\/02\/BRULFER-749x1024.jpeg\" alt=\"\"><\/td><td><strong>BRULFER Pierre<br>63 ans, 2 enfants<br>\u00c0 Quincieux depuis 32 ans<br>Directeur d\u2019entreprise de galvanisation &nbsp;<\/strong><br><br><em>Je souhaite m\u2019engager aupr\u00e8s d\u2019une \u00e9quipe dynamique au service de notre commune et consacrer du temps \u00e0 l\u2019urbanisme, \u00e0 la gestion municipale et au d\u00e9veloppement du village<\/em> avec une approche pragmatique et apolitique.<br><br><br><\/td><\/tr><tr><td> <img decoding=\"async\" src=\"http:\/\/quincieux2026.fr\/wp-content\/uploads\/2026\/02\/COHEN-NICOLAS-754x1024.jpeg\" alt=\"\" style=\"width: 250px;\"><\/td><td><strong>COHEN NICOLAS Sarah&nbsp;<br>37 ans, 2 enfants&nbsp;<br>\u00c0 Varennes depuis 28 ans<br>Responsable d\u2019exploitation maritime<\/strong><br><br><em>Je suis tr\u00e8s attach\u00e9e \u00e0 la simplicit\u00e9 du quotidien, \u00e0 la nature et \u00e0 l\u2019esprit de village o\u00f9 l\u2019on se conna\u00eet. <\/em>Je souhaite que ces liens humains perdurent, et je m\u2019engage avec sinc\u00e9rit\u00e9 pour un avenir respectueux de toutes les g\u00e9n\u00e9rations et de l\u2019environnement.<br><br><br><\/td><\/tr><tr><td><img decoding=\"async\" style=\"width: 250px;\" src=\"http:\/\/quincieux2026.fr\/wp-content\/uploads\/2026\/02\/DAVID-717x1024.jpeg\" alt=\"\"><\/td><td><strong>DAVID Pascal<br>64 ans, 3 enfants&nbsp;<br>\u00c0 Quincieux depuis 37 ans<br>Cadre sup\u00e9rieur industrie chimique (retrait\u00e9)<\/strong><br><br><em>Fort de deux mandats de Maire et de Conseiller M\u00e9tropolitain, je m\u2019engage pour porter la voix de Quincieux au sein de la M\u00e9tropole de Lyon. <\/em>Je veux continuer \u00e0 servir Quincieux et porter une action utile au territoire.<br><br><br><\/td><\/tr><tr><td><img decoding=\"async\" style=\"width: 250px;\" src=\"http:\/\/quincieux2026.fr\/wp-content\/uploads\/2026\/02\/FIARD-710x1024.jpeg\" alt=\"\"><\/td><td><strong>FIARD Cyrille&nbsp;<br>53 ans, 2 enfants&nbsp;<br>\u00c0 Quincieux depuis 45 ans<br>Chef d\u2019entreprise (accompagnement transition agro\u00e9cologique)<\/strong><br><br>Je souhaite mettre mes 20 ans d\u2019exp\u00e9rience municipale au service d\u2019une commune dynamique. <em>Je veux poursuivre les actions engag\u00e9es.<\/em><br><br><br><\/td><\/tr><tr><td><img decoding=\"async\" style=\"width: 250px;\" src=\"http:\/\/quincieux2026.fr\/wp-content\/uploads\/2026\/02\/GIRARD-733x1024.jpeg\" alt=\"\"><\/td><td><strong>GIRARD Laurent<br>37 ans, 2 enfants<br>\u00c0 Quincieux depuis 4 ans<br>Urbaniste<\/strong><br><br>Depuis 15 ans, je conseille des collectivit\u00e9s en urbanisme et je veux mettre ces comp\u00e9tences au service des projets en cours et \u00e0 venir. <em>Mon objectif est de pr\u00e9server l\u2019authenticit\u00e9 et le dynamisme du village et de renforcer la v\u00e9g\u00e9talisation.<\/em><br><br><br><\/td><\/tr><tr><td><img decoding=\"async\" style=\"width: 250px;\" src=\"http:\/\/quincieux2026.fr\/wp-content\/uploads\/2026\/02\/GONZALEZ-787x1024.jpeg\" alt=\"\"><\/td><td><strong>GONZALEZ Lydie<br>46 ans, 2 enfants&nbsp;<br>\u00c0 Quincieux depuis 14 ans<br>Comptable ; charg\u00e9e de projet<\/strong><br><br>Cr\u00e9er du lien, \u00e9changer, partager sont les&nbsp; qualit\u00e9s que j\u2019ai mises au service de mon&nbsp; quartier et des associations locales (Sou&nbsp; des \u00e9coles, Sa\u00f4n\u2019Automne, Amicale en 9, la ferme Le Courtil).<em>Mon projet : proximit\u00e9 et solidarit\u00e9 pour les quincerots, au sein d\u2019une \u00e9quipe exp\u00e9riment\u00e9e.<\/em><br><br><br><\/td><\/tr><tr><td><img decoding=\"async\" style=\"width: 250px;\" src=\"http:\/\/quincieux2026.fr\/wp-content\/uploads\/2026\/02\/HIRN-780x1024.jpeg\" alt=\"\"><\/td><td><strong>HIRN Julien &nbsp;<br>45 ans, 2 enfants<br>\u00c0 La Chapelle depuis 12 ans<br>Ing\u00e9nieur (industrie)<\/strong><br><br>Ancien d\u00e9l\u00e9gu\u00e9 des parents d\u2019\u00e9l\u00e8ves de l\u2019\u00e9cole \u00e9l\u00e9mentaire, je souhaite participer plus activement \u00e0 la vie de notre commune.<br><em>Je m\u2019engage dans une d\u00e9marche collective, citoyenne et responsable.<\/em><br><br><br><\/td><\/tr><tr><td> <img decoding=\"async\" src=\"http:\/\/quincieux2026.fr\/wp-content\/uploads\/2026\/02\/JOURNE-751x1024.jpeg\" alt=\"\" style=\"width: 250px;\"><\/td><td><strong>JOURN\u00c9 Florence<br>56 ans, 2 enfants&nbsp;<br>\u00c0 Quincieux depuis 18 ans<br>Pharmacienne install\u00e9e \u00e0 Quincieux depuis 2015, conseill\u00e8re municipale depuis 2020<\/strong><br><br>Secr\u00e9taire de l\u2019ADACQ. Pr\u00e9sidente de la MSP Quincieux Village. <em>Je veux poursuivre mon engagement. Je souhaite contribuer au d\u00e9veloppement des services m\u00e9dicaux de Quincieux.<\/em><br><br><br><\/td><\/tr><tr><td> <img decoding=\"async\" src=\"http:\/\/quincieux2026.fr\/wp-content\/uploads\/2026\/02\/MARECHAL-718x1024.jpeg\" alt=\"\" style=\"width: 250px;\"><\/td><td><strong>MARECHAL Aur\u00e9lie<br>43 ans, 1 enfant<br>\u00c0 Quincieux depuis 7 ans<br>Directrice artistique (agence de communication)<\/strong><br><br>Membre du bureau de Sa\u00f4n\u2019Automne depuis 2023, je veux aujourd\u2019hui apporter mes comp\u00e9tences en communication&nbsp;<em>et participer au d\u00e9veloppement des actions de la commune au service des jeunes et de la culture.<\/em><\/td><\/tr><tr><td> <img decoding=\"async\" src=\"http:\/\/quincieux2026.fr\/wp-content\/uploads\/2026\/02\/MONGOIN-736x1024.jpeg\" alt=\"\" style=\"width: 250px;\"><\/td><td><strong>MONGOIN Jacques&nbsp;<br>64 ans, 2 enfants<br>\u00c0 En Chuel depuis plus de 30 ans&nbsp;<br>Ancien responsable de laboratoire (industrie chimique), retrait\u00e9<\/strong><br><br>Membre de nombreuses associations&nbsp;: MJC, Amis du Patrimoine\u2026&nbsp; Conseiller municipal sortant, je souhaite poursuivre mon engagement.&nbsp;<em>Je veux continuer \u00e0 agir au service des Quincerots et \u00e0 promouvoir le vivre-ensemble.<\/em><\/td><\/tr><tr><td><img decoding=\"async\" src=\"http:\/\/quincieux2026.fr\/wp-content\/uploads\/2026\/02\/MUREAU-752x1024.jpeg\" alt=\"\" style=\"width: 250px;\"><\/td><td><strong>MUREAU Mich\u00e8le &nbsp;<br>64 ans, 3 enfants<br>\u00c0 La Chapelle depuis 30 ans&nbsp;<br>Ing\u00e9nieure Principale, employ\u00e9e M\u00e9tropole. A \u00e9labor\u00e9 le nouveau Plan Communal de Sauvegarde, membre association Madagascar Fianarantsoa<\/strong><br><br>Apr\u00e8s 2 mandats d\u2019adjoint, je souhaite continuer \u00e0 contribuer \u00e0 l\u2019\u00e9volution et \u00e0 l\u2019embellissement de notre village.&nbsp;<em>Je veux aussi accompagner mes concitoyens au quotidien, pour faire de Quincieux un village o\u00f9 chacun a sa place.<\/em> <\/td><\/tr><tr><td> <img decoding=\"async\" src=\"http:\/\/quincieux2026.fr\/wp-content\/uploads\/2026\/02\/NERON-BANCEL-723x1024.jpeg\" alt=\"\" style=\"width: 250px;\"><\/td><td><strong>NERON BANCEL Xavier<br>68 ans, 2 enfants<br>\u00c0 Quincieux depuis 15 ans<br>Dirigeant (entreprise de services informatiques)<\/strong><br><br>J\u2019ai une longue exp\u00e9rience du management et de la gestion de projet.\u00a0<em>Je souhaite m\u2019investir dans le d\u00e9veloppement du tissu \u00e9conomique de Quincieux, qu\u2019il s\u2019agisse de commerces de proximit\u00e9 ou d\u2019entreprises.<\/em><\/td><\/tr><tr><td> <img decoding=\"async\" src=\"http:\/\/quincieux2026.fr\/wp-content\/uploads\/2026\/02\/PARIS-749x1024.jpeg\" alt=\"\" style=\"width: 250px;\"><\/td><td><strong>PARIS Thierry<br>63 ans, 2 enfants<br>\u00c0 Quincieux depuis 33 ans<br>Chef de projet informatique (retrait\u00e9), ancien pompier volontaire pendant 23 ans<\/strong><br><br>Je souhaite mettre \u00e0 disposition de la commune les comp\u00e9tences acquises tout au long de ma carri\u00e8re. <em>Je veux continuer \u00e0 servir le village autrement.<\/em><br><br><br><\/td><\/tr><tr><td><img decoding=\"async\" src=\"http:\/\/quincieux2026.fr\/wp-content\/uploads\/2026\/02\/PEYRE-DE-FABREGUES-763x1024.jpeg\" alt=\"\" style=\"width: 250px;\"><\/td><td> <strong>PEYRE DE FABREGUES Caroline \u00a0<br>48 ans, 3 enfants<br>\u00c0 Billy-le-Jeune depuis 20 ans<br>Responsable administrative et financi\u00e8re<\/strong><br><br>Je souhaite m\u2019engager aux c\u00f4t\u00e9s de Cyrille pour jouer mon r\u00f4le de citoyenne.\u00a0<em>Je veux contribuer pour que Quincieux reste un village o\u00f9 il fait bon vivre et favoriser un lien fort entre les hameaux et le centre village.<\/em><\/td><\/tr><tr><td> <img decoding=\"async\" src=\"http:\/\/quincieux2026.fr\/wp-content\/uploads\/2026\/02\/PINCEEL-723x1024.jpeg\" alt=\"\" style=\"width: 250px;\">   <\/td><td><strong>PINCEEL V\u00e9ronique \u00a0<br>60 ans, 1 enfant<br>\u00c0 Quincieux depuis 22 ans\u00a0<br>Charg\u00e9e de projets maladies rares (industrie pharmaceutique). Conseill\u00e8re municipale d\u00e9l\u00e9gu\u00e9e depuis 2014.<\/strong><br><br>Membre du club de tennis de Quincieux et ex-membre de Cap Quincieux. J\u2019ai \u00e0 c\u0153ur de soutenir l\u2019offre de soins et les commerces de proximit\u00e9.\u00a0<em>Je veux une commune qui prot\u00e8ge ses services essentiels et qui se bat pour les d\u00e9velopper.\u00a0<\/em><br><br><\/td><\/tr><tr><td> <img decoding=\"async\" src=\"http:\/\/quincieux2026.fr\/wp-content\/uploads\/2026\/02\/PRIEUR-698x1024.jpeg\" alt=\"\" style=\"width: 250px;\"><\/td><td><strong>PRIEUR Guilhem<br>43 ans, 2 enfants<br>\u00c0 Quincieux depuis 4 ans<br>Responsable relation client<\/strong><br><br>Apr\u00e8s 4 ans de b\u00e9n\u00e9volat (Sa\u00f4n\u2019Automne), j\u2019ai d\u00e9cid\u00e9 de m\u2019investir pour contribuer \u00e0 la qualit\u00e9 de vie, notamment via le d\u00e9veloppement durable et la vie culturelle et associative.\u00a0<em>Au centre de cette volont\u00e9, je veux optimiser les ressources et permettre \u00e0 toutes les g\u00e9n\u00e9rations de vivre ensemble.<\/em>   <\/td><\/tr><tr><td><img decoding=\"async\" src=\"http:\/\/quincieux2026.fr\/wp-content\/uploads\/2026\/02\/RENET-797x1024.jpeg\" alt=\"\" style=\"width: 250px;\"><\/td><td><strong>RENET Shirley<br>54 ans, 2 enfants<br>\u00c0 Quincieux depuis 22 ans<br>Cheffe d\u2019entreprise. Membre de l\u2019ADACQ. Conseill\u00e8re municipale : communication et urbanisme. Tr\u00e9sori\u00e8re d\u2019une association sportive dont je suis membre depuis 15 ans<\/strong><br><br>Je tiens \u00e0 confirmer mon engagement pour ma commune d\u2019adoption \u00e0 laquelle je suis profond\u00e9ment attach\u00e9e. <em>Je veux faire partie d\u2019une \u00e9quipe interg\u00e9n\u00e9rationnelle pour que Quincieux construise son avenir en conservant ses valeurs.<\/em><br><br><br><\/td><\/tr><tr><td><img decoding=\"async\" src=\"http:\/\/quincieux2026.fr\/wp-content\/uploads\/2026\/02\/RIPPE-681x1024.jpeg\" alt=\"\" style=\"width: 250px;\"><\/td><td><strong>RIPPE Herv\u00e9<br>61 ans, 2 enfants<br>\u00c0 Quincieux depuis 32 ans<br>Ing\u00e9nieur technico-commercial<\/strong><br><br><em>Apr\u00e8s 2 mandats d\u2019adjoint, je vais mettre mes comp\u00e9tences au service des b\u00e2timents communaux.<\/em><br>Je veux participer \u00e0 la vie de la commune et apporter ma disponibilit\u00e9. Mon engagement associatif et municipal m\u2019encourage \u00e0 continuer \u00e0 servir Quincieux. <\/td><\/tr><tr><td><img decoding=\"async\" src=\"http:\/\/quincieux2026.fr\/wp-content\/uploads\/2026\/02\/ROCHER-730x1024.jpeg\" alt=\"\" style=\"width: 250px;\"><\/td><td><strong>ROCHER Franck \u00a0<br>56 ans, 2 enfants<br>\u00c0 Quincieux depuis 22 ans<br>Manager (rev\u00eatements r\u00e9sines industriels) ; ing\u00e9nieur chimie de formation<\/strong><br><br>Pr\u00e9sident du Festival Sa\u00f4n\u2019Automne depuis 6 ans et ancien membre du Sou des \u00e9coles.\u00a0<em>Fier de mon village et de ses habitants, je mettrai mes comp\u00e9tences et mon \u00e9nergie au service de Quincieux. Je veux m\u2019engager dans un esprit collectif, d\u2019\u00e9coute et d\u2019int\u00e9r\u00eat g\u00e9n\u00e9ral.<\/em><\/td><\/tr><tr><td><img decoding=\"async\" src=\"http:\/\/quincieux2026.fr\/wp-content\/uploads\/2026\/02\/ROTONDO-737x1024.jpeg\" alt=\"\" style=\"width: 250px;\"><\/td><td> <strong>ROTONDO Laetitia<br>45 ans, 1 enfant<br>\u00c0 Quincieux depuis 39 ans<br>Commerciale<\/strong><br><br>Membre de la classe en 1, je suis profond\u00e9ment attach\u00e9e \u00e0 notre commune, \u00e0 ses habitants et \u00e0 son cadre de vie.\u00a0<em>Je souhaite participer activement aux projets qui renforcent la proximit\u00e9, l\u2019\u00e9coute et l\u2019int\u00e9r\u00eat collectif.<\/em><\/td><\/tr><tr><td><img decoding=\"async\" style=\"width: 250px;\" src=\"http:\/\/quincieux2026.fr\/wp-content\/uploads\/2026\/02\/SAGNARD-812x1024.jpeg\" alt=\"\"><\/td><td><strong>SAGNARD Aude &nbsp;<br>44 ans, 3 enfants<br>\u00c0 La Chapelle depuis 15 ans<br>Conseill\u00e8re financi\u00e8re<\/strong><br><br>Je pourrai apporter mes comp\u00e9tences en finance au service de la commune.<br>Je souhaite continuer \u00e0 m\u2019investir pour apporter ma contribution \u00e0 l\u2019int\u00e9r\u00eat g\u00e9n\u00e9ral de la commune. <em>Repr\u00e9senter les habitants de Quincieux est pour moi un honneur.<\/em><br><br><br><br><\/td><\/tr><tr><td><img decoding=\"async\" style=\"width: 250px;\" src=\"http:\/\/quincieux2026.fr\/wp-content\/uploads\/2026\/02\/TESCHE-731x1024.jpeg\" alt=\"\"><\/td><td><strong>TESCHE Marion &nbsp;<br>46 ans, 3 enfants<br>\u00c0 Quincieux depuis 13 ans<br>Enseignante<\/strong><br><br>Adjointe depuis 2020, je souhaite poursuivre mon engagement au service de Quincieux afin que chacun se sente bien, \u00e9cout\u00e9 et respect\u00e9 dans notre commune. <em>Je suis r\u00e9solue \u00e0 agir localement pour le vivre-ensemble et la pr\u00e9servation de notre environnement et des ressources pour les g\u00e9n\u00e9rations futures.<\/em><br><br><br><\/td><\/tr><tr><td><img decoding=\"async\" style=\"width: 250px;\" src=\"http:\/\/quincieux2026.fr\/wp-content\/uploads\/2026\/02\/VANARET-760x1024.jpeg\" alt=\"\"><\/td><td><strong>VANARET Aur\u00e9lie &nbsp;<br>42 ans, 2 enfants&nbsp;<br>Aux Grandes Terres depuis 14 ans<br>Channel Manager<\/strong><br><br>Je m\u2019engage au service de notre commune pour accompagner les habitants, soutenir les initiatives locales <em>et contribuer \u00e0 un vivre-ensemble chaleureux et solidaire.<\/em><br><br><br><br><\/td><\/tr><\/tbody><\/table><\/figure>\n\n\n\n<p><\/p>\n","protected":false},"excerpt":{"rendered":"<p>AMAOUZ Christelle56 ans, 3 enfants\u00a0\u00c0 Quincieux depuis 37 ansAssistante maternelle, g\u00e9rante d\u2019un parc\/pension canine. M\u00e9diation animale pour seniors. Ancienne conseill\u00e8re municipale. Je suis tr\u00e8s investie dans la vie associative de Quincieux (les enfants, les animaux, voisins vigilants) et je souhaite continuer \u00e0 faire vivre notre village.\u00a0Je m\u2019engage aux c\u00f4t\u00e9s de Cyrille Fiard, \u00e0 qui j\u2019accorde &hellip; <\/p>\n<p class=\"link-more\"><a href=\"https:\/\/quincieux2026.fr\/index.php\/lequipe\/\" class=\"more-link\">Continuer la lecture<span class=\"screen-reader-text\"> de &laquo;&nbsp;L&rsquo;\u00e9quipe&nbsp;&raquo;<\/span><\/a><\/p>\n","protected":false},"author":1,"featured_media":0,"parent":0,"menu_order":0,"comment_status":"closed","ping_status":"closed","template":"","meta":{"footnotes":""},"class_list":["post-309","page","type-page","status-publish","hentry"],"_links":{"self":[{"href":"https:\/\/quincieux2026.fr\/index.php\/wp-json\/wp\/v2\/pages\/309","targetHints":{"allow":["GET"]}}],"collection":[{"href":"https:\/\/quincieux2026.fr\/index.php\/wp-json\/wp\/v2\/pages"}],"about":[{"href":"https:\/\/quincieux2026.fr\/index.php\/wp-json\/wp\/v2\/types\/page"}],"author":[{"embeddable":true,"href":"https:\/\/quincieux2026.fr\/index.php\/wp-json\/wp\/v2\/users\/1"}],"replies":[{"embeddable":true,"href":"https:\/\/quincieux2026.fr\/index.php\/wp-json\/wp\/v2\/comments?post=309"}],"version-history":[{"count":34,"href":"https:\/\/quincieux2026.fr\/index.php\/wp-json\/wp\/v2\/pages\/309\/revisions"}],"predecessor-version":[{"id":375,"href":"https:\/\/quincieux2026.fr\/index.php\/wp-json\/wp\/v2\/pages\/309\/revisions\/375"}],"wp:attachment":[{"href":"https:\/\/quincieux2026.fr\/index.php\/wp-json\/wp\/v2\/media?parent=309"}],"curies":[{"name":"wp","href":"https:\/\/api.w.org\/{rel}","templated":true}]}}