{"id":30,"date":"2026-01-05T18:34:33","date_gmt":"2026-01-05T18:34:33","guid":{"rendered":"https:\/\/quincieux2026.fr\/?page_id=30"},"modified":"2026-02-26T12:19:14","modified_gmt":"2026-02-26T12:19:14","slug":"publications","status":"publish","type":"page","link":"https:\/\/quincieux2026.fr\/index.php\/publications\/","title":{"rendered":"Publications"},"content":{"rendered":"\n<p><br><\/p>\n\n\n\n<p><strong>FEVRIER 2026<\/strong><br><\/p>\n\n\n\n<p>26 f\u00e9vrier &#8211; <a href=\"http:\/\/quincieux2026.fr\/wp-content\/uploads\/2026\/02\/f8945313-6820-4656-badd-74d8ad2dd456.jpg\">Article Le Progr\u00e8s<\/a><br>21 f\u00e9vrier &#8211; <a href=\"http:\/\/quincieux2026.fr\/wp-content\/uploads\/2026\/02\/Lettre3_V7SH.pdf\"><strong>Lettre de pr\u00e9sentation du programme<\/strong><\/a><br><br><\/p>\n\n\n\n<p><br><strong>JANVIER 2026<\/strong><br><br>30 janvier &#8211; <a href=\"http:\/\/quincieux2026.fr\/wp-content\/uploads\/2026\/01\/Quincieux-ensemble-LETTRE-2-v3SH.pdf\" data-type=\"link\" data-id=\"http:\/\/quincieux2026.fr\/wp-content\/uploads\/2026\/01\/Quincieux-ensemble-LETTRE-2-v3SH.pdf\"><strong>Lettre de pr\u00e9sentation de l&rsquo;\u00e9quipe<\/strong><\/a><br><br>10 janvier &#8211; <a href=\"http:\/\/quincieux2026.fr\/wp-content\/uploads\/2026\/01\/Le-Progres-Cyrille-Fiard-annonce-sa-candidature-soutenue-par-les-elus-de-la-majorite-10012026.pdf\">Article Le Progr\u00e8s<\/a><br>10 janvier &#8211; <strong>Les Quincerots ont la parole<\/strong> (<a href=\"https:\/\/docs.google.com\/forms\/d\/e\/1FAIpQLSdF1xMUKqQ-q1caTc-klww3r2VdNv4MJ-ftPj8OZyr4BZhncA\/viewform\">Questionnaire en ligne<\/a>)<br>10 janvier &#8211; <a href=\"http:\/\/quincieux2026.fr\/wp-content\/uploads\/2026\/01\/Lettre1_V6SH.pdf\" data-type=\"link\" data-id=\"http:\/\/quincieux2026.fr\/wp-content\/uploads\/2026\/01\/Lettre1_V6SH.pdf\"><strong>Lettre de candidature<\/strong><\/a><br><br>8 janvier &#8211; <strong><a href=\"http:\/\/quincieux2026.fr\/wp-content\/uploads\/2026\/01\/COMMUNIQUE-DE-PRESSE2.pdf\" data-type=\"link\" data-id=\"http:\/\/quincieux2026.fr\/wp-content\/uploads\/2026\/01\/COMMUNIQUE-DE-PRESSE.pdf\">Communiqu\u00e9 de presse<\/a><\/strong><br><br><\/p>\n\n\n\n<p><\/p>\n","protected":false},"excerpt":{"rendered":"<p>FEVRIER 2026 26 f\u00e9vrier &#8211; Article Le Progr\u00e8s21 f\u00e9vrier &#8211; Lettre de pr\u00e9sentation du programme JANVIER 2026 30 janvier &#8211; Lettre de pr\u00e9sentation de l&rsquo;\u00e9quipe 10 janvier &#8211; Article Le Progr\u00e8s10 janvier &#8211; Les Quincerots ont la parole (Questionnaire en ligne)10 janvier &#8211; Lettre de candidature 8 janvier &#8211; Communiqu\u00e9 de presse<\/p>\n","protected":false},"author":1,"featured_media":0,"parent":0,"menu_order":0,"comment_status":"closed","ping_status":"closed","template":"","meta":{"footnotes":""},"class_list":["post-30","page","type-page","status-publish","hentry"],"_links":{"self":[{"href":"https:\/\/quincieux2026.fr\/index.php\/wp-json\/wp\/v2\/pages\/30","targetHints":{"allow":["GET"]}}],"collection":[{"href":"https:\/\/quincieux2026.fr\/index.php\/wp-json\/wp\/v2\/pages"}],"about":[{"href":"https:\/\/quincieux2026.fr\/index.php\/wp-json\/wp\/v2\/types\/page"}],"author":[{"embeddable":true,"href":"https:\/\/quincieux2026.fr\/index.php\/wp-json\/wp\/v2\/users\/1"}],"replies":[{"embeddable":true,"href":"https:\/\/quincieux2026.fr\/index.php\/wp-json\/wp\/v2\/comments?post=30"}],"version-history":[{"count":16,"href":"https:\/\/quincieux2026.fr\/index.php\/wp-json\/wp\/v2\/pages\/30\/revisions"}],"predecessor-version":[{"id":390,"href":"https:\/\/quincieux2026.fr\/index.php\/wp-json\/wp\/v2\/pages\/30\/revisions\/390"}],"wp:attachment":[{"href":"https:\/\/quincieux2026.fr\/index.php\/wp-json\/wp\/v2\/media?parent=30"}],"curies":[{"name":"wp","href":"https:\/\/api.w.org\/{rel}","templated":true}]}}