{"id":261,"date":"2026-01-08T15:22:47","date_gmt":"2026-01-08T15:22:47","guid":{"rendered":"https:\/\/quincieux2026.fr\/?page_id=261"},"modified":"2026-01-08T17:36:17","modified_gmt":"2026-01-08T17:36:17","slug":"bienvenue","status":"publish","type":"page","link":"https:\/\/quincieux2026.fr\/","title":{"rendered":"Bienvenue"},"content":{"rendered":"\n<p id=\"block-fe658866-50e8-4fe1-a31e-b63118d1129b\"><strong>Ch\u00e8res Quincerotes, chers Quincerots,<\/strong><br><br>\u00c0 la suite de l\u2019annonce du non-renouvellement de notre maire sortant, et avec le soutien unanime de l\u2019ensemble de l\u2019\u00e9quipe municipale, <strong>j\u2019ai d\u00e9cid\u00e9 d\u2019\u00eatre candidat pour conduire la liste sans \u00e9tiquette :<br><\/strong><br><strong><em>Quincieux,\u00a0ensemble naturellement<\/em><\/strong> aux prochaines \u00e9lections municipales.<\/p>\n\n\n\n<p id=\"block-d8f0ccfc-eb5d-412c-bcd0-9ee6640d0582\">Cette d\u00e9cision s\u2019appuie sur une \u00e9quipe \u00e0 la fois solide, engag\u00e9e et profond\u00e9ment attach\u00e9e \u00e0 notre commune. Elle r\u00e9unit :<br>\u2022 <strong>Des \u00e9lus exp\u00e9riment\u00e9s,<\/strong> adjoints et conseillers sortants, qui connaissent parfaitement les enjeux locaux et les r\u00e9alit\u00e9s du terrain,<br>\u2022 <strong>De nouveaux profils<\/strong> aux comp\u00e9tences vari\u00e9es, motiv\u00e9s et pr\u00eats \u00e0 s\u2019investir pleinement,<br>\u2022 <strong>Et surtout, une vision commune :<\/strong> pr\u00e9server notre village, renforcer les liens qui nous unissent, et avancer ensemble pour les ann\u00e9es \u00e0 venir.<\/p>\n\n\n\n<h1 class=\"wp-block-heading\" id=\"block-c12cc23a-3fbf-4b4b-a3f3-ceb1bb3ddfa2\">En bref :<br><br><strong><em>Pr\u00e9server, relier, avancer !<\/em><\/strong><\/h1>\n\n\n\n<p><\/p>\n","protected":false},"excerpt":{"rendered":"<p>Ch\u00e8res Quincerotes, chers Quincerots, \u00c0 la suite de l\u2019annonce du non-renouvellement de notre maire sortant, et avec le soutien unanime de l\u2019ensemble de l\u2019\u00e9quipe municipale, j\u2019ai d\u00e9cid\u00e9 d\u2019\u00eatre candidat pour conduire la liste sans \u00e9tiquette :Quincieux,\u00a0ensemble naturellement aux prochaines \u00e9lections municipales. Cette d\u00e9cision s\u2019appuie sur une \u00e9quipe \u00e0 la fois solide, engag\u00e9e et profond\u00e9ment attach\u00e9e &hellip; <\/p>\n<p class=\"link-more\"><a href=\"https:\/\/quincieux2026.fr\/\" class=\"more-link\">Continuer la lecture<span class=\"screen-reader-text\"> de &laquo;&nbsp;Bienvenue&nbsp;&raquo;<\/span><\/a><\/p>\n","protected":false},"author":1,"featured_media":0,"parent":0,"menu_order":0,"comment_status":"closed","ping_status":"closed","template":"","meta":{"footnotes":""},"class_list":["post-261","page","type-page","status-publish","hentry"],"_links":{"self":[{"href":"https:\/\/quincieux2026.fr\/index.php\/wp-json\/wp\/v2\/pages\/261","targetHints":{"allow":["GET"]}}],"collection":[{"href":"https:\/\/quincieux2026.fr\/index.php\/wp-json\/wp\/v2\/pages"}],"about":[{"href":"https:\/\/quincieux2026.fr\/index.php\/wp-json\/wp\/v2\/types\/page"}],"author":[{"embeddable":true,"href":"https:\/\/quincieux2026.fr\/index.php\/wp-json\/wp\/v2\/users\/1"}],"replies":[{"embeddable":true,"href":"https:\/\/quincieux2026.fr\/index.php\/wp-json\/wp\/v2\/comments?post=261"}],"version-history":[{"count":3,"href":"https:\/\/quincieux2026.fr\/index.php\/wp-json\/wp\/v2\/pages\/261\/revisions"}],"predecessor-version":[{"id":293,"href":"https:\/\/quincieux2026.fr\/index.php\/wp-json\/wp\/v2\/pages\/261\/revisions\/293"}],"wp:attachment":[{"href":"https:\/\/quincieux2026.fr\/index.php\/wp-json\/wp\/v2\/media?parent=261"}],"curies":[{"name":"wp","href":"https:\/\/api.w.org\/{rel}","templated":true}]}}